{"id":18,"date":"2019-12-24T10:50:43","date_gmt":"2019-12-24T09:50:43","guid":{"rendered":"https:\/\/www.optronic.ch\/?page_id=18"},"modified":"2025-01-16T07:24:24","modified_gmt":"2025-01-16T06:24:24","slug":"home","status":"publish","type":"page","link":"https:\/\/www.optronic.ch\/en\/","title":{"rendered":"Home"},"content":{"rendered":"\n<meta itemprop=\"url\" content=\"https:\/\/www.optronic.ch\/wp-content\/uploads\/2022\/03\/intro_video_1920x920@24fps1978kbps.mp4\"><div style=\"width: 640px;\" class=\"wp-video\"><!--[if lt IE 9]><script>document.createElement('video');<\/script><![endif]-->\n<video muted class=\"wp-video-shortcode\" id=\"video-18-1\" width=\"640\" height=\"360\" poster=\"https:\/\/www.optronic.ch\/wp-content\/uploads\/2022\/02\/fallback_1920x920.jpg\" loop autoplay preload=\"none\" controls=\"controls\"><source type=\"video\/mp4\" src=\"https:\/\/www.optronic.ch\/wp-content\/uploads\/2022\/03\/intro_video_1920x920@24fps1978kbps.mp4?_=1\" \/><source type=\"video\/webm\" src=\"https:\/\/www.optronic.ch\/wp-content\/uploads\/2022\/03\/intro_video_1920x920@25fps_2693kbps_crf40.webm?_=1\" \/><a href=\"https:\/\/www.optronic.ch\/wp-content\/uploads\/2022\/03\/intro_video_1920x920@24fps1978kbps.mp4\">https:\/\/www.optronic.ch\/wp-content\/uploads\/2022\/03\/intro_video_1920x920@24fps1978kbps.mp4<\/a><\/video><\/div>\n\t\t\t\t<a href=\"https:\/\/www.optronic.ch\/control_systems\/overview\/\" target=\"_self\" itemprop=\"url\" rel=\"noopener\">\n\t\t\t\t<img loading=\"lazy\" decoding=\"async\" src=\"https:\/\/www.optronic.ch\/wp-content\/uploads\/2022\/02\/d500_e3000.jpg\" alt=\"d500_e3000\" itemprop=\"image\" height=\"800\" width=\"1280\" title=\"d500_e3000\" onerror=\"this.style.display='none'\">\n\t\t\t\t<\/a>\n<h4>\n\t\tSteuerungstechnik \n\t<\/h4>\n\t<ul>\n<li>Ihr zuverl\u00e4ssiger Partner bei der L\u00f6sung spezifischer Steuerungsprobleme<\/li>\n<li>Linux-basierte modulare Multi-Achsen CNC D500 mit Bedienstation E3000<\/li>\n<li>Applikationsbeispiele: Steuerungen f\u00fcr Rohradjustagen, Rohrpr\u00fcfanlagen, fliegende S\u00e4gen, Flugscheren, Verzahnungs- und Profilschleifmaschinen, Sch\u00e4lmaschinen, Verlegen in Wickelmaschinen<\/li>\n<li>Wir entwickeln und bauen nach Ihren besonderen W\u00fcnschen<\/li>\n<\/ul>\n\t\t\t<a href=\"https:\/\/www.optronic.ch\/control-system\/overview\/\" target=\"_self\" role=\"button\" rel=\"noopener\">\n\t\t\t\t\t\t\tmehr\n\t\t\t<\/a>\n\t\t\t\t<a href=\"https:\/\/www.optronic.ch\/sensors\/overview\/\" target=\"_self\" itemprop=\"url\" rel=\"noopener\">\n\t\t\t\t<img loading=\"lazy\" decoding=\"async\" src=\"https:\/\/www.optronic.ch\/wp-content\/uploads\/2020\/09\/lvm...sizes_.jpg\" alt=\"lvm...sizes\" itemprop=\"image\" height=\"800\" width=\"1280\" title=\"lvm...sizes\" onerror=\"this.style.display='none'\">\n\t\t\t\t<\/a>\n<h4>\n\t\tSensorik\n\t<\/h4>\n\t<ul>\n<li>Lichtvorh\u00e4nge zum Erfassen, Z\u00e4hlen, Messen und Klassifizieren<\/li>\n<li>Spezial-Lichtschranken f\u00fcr L\u00e4ngenmessapplikationen<\/li>\n<li>Robuste Inkrementalgeber f\u00fcr den Einsatz unter erschwerten Bedingungen<\/li>\n<li>Induktive Ringtaster zum ber\u00fchrungslosen Erfassen von metallischem Material<\/li>\n<li>Inkrementalgeberverzweigungen zum Anschluss eines Gebers an mehrere Steuerungen<\/li>\n<\/ul>\n\t\t\t<a href=\"https:\/\/www.optronic.ch\/sensors\/overview\/\" target=\"_self\" role=\"button\" rel=\"noopener\">\n\t\t\t\t\t\t\tmehr\n\t\t\t<\/a>\n\t\t\t\t<a href=\"https:\/\/www.optronic.ch\/support\/\" target=\"_self\" itemprop=\"url\" rel=\"noopener\">\n\t\t\t\t<img loading=\"lazy\" decoding=\"async\" src=\"https:\/\/www.optronic.ch\/wp-content\/uploads\/2022\/02\/d376_d377-1.jpg\" alt=\"d376_d377\" itemprop=\"image\" height=\"800\" width=\"1280\" title=\"d376_d377\" onerror=\"this.style.display='none'\">\n\t\t\t\t<\/a>\n<h4>\n\t\tSupport\n\t<\/h4>\n\t<ul>\n<li>Ersatzteile zu OPTRONIC-Produkte, Langzeitverf\u00fcgbarkeit von OPTRONIC Ersatzbaugruppen<\/li>\n<li>Support, Reparatur und Retrofit von OPTRONIC-Lichtvorh\u00e4ngen LV100, LV100D, LV150, LV150D und OPTRONIC-Drehgebern OG2D, OG7D, OG8D und OG14D<\/li>\n<li>Support und Reparatur von OPTRONIC-Steuerungen<\/li>\n<li>Retrofit von OPTRONIC-Steuerungen D115, D141, D51, D171<\/li>\n<li>Ersatzbildschirme zu OPTRONIC-Bedienstationen der Baureihen D1xx, E1xx, E7xx und OP500<\/li>\n<\/ul>\n\t\t\t<a href=\"https:\/\/www.optronic.ch\/support\/\" target=\"_self\" role=\"button\" rel=\"noopener\">\n\t\t\t\t\t\t\tmehr\n\t\t\t<\/a>\n","protected":false},"excerpt":{"rendered":"<p>Steuerungstechnik Ihr zuverl\u00e4ssiger Partner bei der L\u00f6sung spezifischer Steuerungsprobleme Linux-basierte modulare Multi-Achsen CNC D500 mit Bedienstation E3000 Applikationsbeispiele: Steuerungen f\u00fcr Rohradjustagen, Rohrpr\u00fcfanlagen, fliegende S\u00e4gen, Flugscheren, Verzahnungs- und Profilschleifmaschinen, Sch\u00e4lmaschinen, Verlegen in Wickelmaschinen Wir entwickeln und bauen nach Ihren besonderen W\u00fcnschen mehr Sensorik Lichtvorh\u00e4nge zum Erfassen, Z\u00e4hlen, Messen und Klassifizieren Spezial-Lichtschranken f\u00fcr L\u00e4ngenmessapplikationen Robuste Inkrementalgeber f\u00fcr&hellip;<\/p>","protected":false},"author":1,"featured_media":0,"parent":0,"menu_order":0,"comment_status":"closed","ping_status":"closed","template":"","meta":{"footnotes":""},"class_list":["post-18","page","type-page","status-publish","hentry"],"_links":{"self":[{"href":"https:\/\/www.optronic.ch\/en\/wp-json\/wp\/v2\/pages\/18","targetHints":{"allow":["GET"]}}],"collection":[{"href":"https:\/\/www.optronic.ch\/en\/wp-json\/wp\/v2\/pages"}],"about":[{"href":"https:\/\/www.optronic.ch\/en\/wp-json\/wp\/v2\/types\/page"}],"author":[{"embeddable":true,"href":"https:\/\/www.optronic.ch\/en\/wp-json\/wp\/v2\/users\/1"}],"replies":[{"embeddable":true,"href":"https:\/\/www.optronic.ch\/en\/wp-json\/wp\/v2\/comments?post=18"}],"version-history":[{"count":59,"href":"https:\/\/www.optronic.ch\/en\/wp-json\/wp\/v2\/pages\/18\/revisions"}],"predecessor-version":[{"id":1332,"href":"https:\/\/www.optronic.ch\/en\/wp-json\/wp\/v2\/pages\/18\/revisions\/1332"}],"wp:attachment":[{"href":"https:\/\/www.optronic.ch\/en\/wp-json\/wp\/v2\/media?parent=18"}],"curies":[{"name":"wp","href":"https:\/\/api.w.org\/{rel}","templated":true}]}}