{"id":205,"date":"2020-01-14T14:48:28","date_gmt":"2020-01-14T13:48:28","guid":{"rendered":"https:\/\/www.optronic.ch\/?page_id=205"},"modified":"2022-03-01T16:06:07","modified_gmt":"2022-03-01T15:06:07","slug":"omc300","status":"publish","type":"page","link":"https:\/\/www.optronic.ch\/en\/support\/omc300\/","title":{"rendered":"Support &#8211; OMC300 &#8211; SERCOS VMEbus Single-Board Computer"},"content":{"rendered":"<h1>OMC300<\/h1>\n<p><b>PC Compatible VMEbus Single-Board Computer with SERCOS Interface<\/b><\/p>\n\t<a href=\"https:\/\/optronic.ch\/DE\/downloads\/cnc\/OMC300.pdf\">OMC300<\/a><br \/>\n<a href=\"https:\/\/optronic.ch\/DE\/downloads\/cnc\/OS.401_030603_Bedienungsanleitung%20OAGLinux%20V2.2.pdf\">Operating Instructions OAGLinux V2.2<\/a>\n\t\t\t\t<img loading=\"lazy\" decoding=\"async\" src=\"https:\/\/www.optronic.ch\/wp-content\/uploads\/2022\/02\/omc300.jpg\" alt=\"omc300\" itemprop=\"image\" height=\"642\" width=\"300\" title=\"omc300\" onerror=\"this.style.display='none'\"  \/>\n<h4><strong>SERCOS Multi-Axes CNC Controller OMC300<\/strong><\/h4>\n<ul>\n<li>Result of long lasting experiences in developing CNC Control Systems for industrial applications<\/li>\n<li>CNC core processes assigned CNC command sequences in real-time and handles the complete control of the SERCOS Drives over the integrated SERCOS Interface<\/li>\n<li>Application-specific extension of the CNC command interpreter are possible at any time, in order to incorporate special technological requirements<\/li>\n<li>CompactFlash Slot to use CompactFlash cards for operating system, application, and user data<\/li>\n<li>Ethernet Interface<\/li>\n<li>Four fast interrupt-capable electrically isolated digitale inputs, and four fast electrically isolated digital outputs<\/li>\n<li>Incremental Encoder Input, in order to connect a handwheel, for example<\/li>\n<li>Inegrated BIOS designed for industrial applications: All settings are stored non-volatile or are configured automatically, no battery is necessary to keep the configuration settings<\/li>\n<li>Operating System OAGLinux: Designed for industrial real-time applications<\/li>\n<li>High-Resolution Watchdog: Short reaction time for critical real-time applications<\/li>\n<li>Maintenance-Free: No battery, no fans<\/li>\n<li>Ambient temperature: 0 to 40\u00b0C<\/li>\n<\/ul>","protected":false},"excerpt":{"rendered":"<p>OMC300 PC-kompatibler VMEbus Single-Board Computer mit SERCOS Schnittstelle OMC300 Bedienungsanleitung OAGLinux V2.2 SERCOS Multi-Achsen CNC-Controller OMC300 Resultat jahrelanger Erfahrung bei der Entwicklung von CNC-Steuerungen f\u00fcr den industriellen Einsatz CNC-Kern verarbeitet \u00fcbergebene CNC-Kommando-Sequenzen in Echtzeit und \u00fcbernimmt die komplette Ansteuerung der SERCOS Antriebe \u00fcber die integrierte SERCOS-Schnittstelle anwendungsbezogene Erweiterungen des CNC-Befehls-Interpreters zur optimalen Ber\u00fccksichtigung von speziellen&hellip;<\/p>","protected":false},"author":1,"featured_media":0,"parent":31,"menu_order":0,"comment_status":"closed","ping_status":"closed","template":"","meta":{"footnotes":""},"class_list":["post-205","page","type-page","status-publish","hentry"],"_links":{"self":[{"href":"https:\/\/www.optronic.ch\/en\/wp-json\/wp\/v2\/pages\/205","targetHints":{"allow":["GET"]}}],"collection":[{"href":"https:\/\/www.optronic.ch\/en\/wp-json\/wp\/v2\/pages"}],"about":[{"href":"https:\/\/www.optronic.ch\/en\/wp-json\/wp\/v2\/types\/page"}],"author":[{"embeddable":true,"href":"https:\/\/www.optronic.ch\/en\/wp-json\/wp\/v2\/users\/1"}],"replies":[{"embeddable":true,"href":"https:\/\/www.optronic.ch\/en\/wp-json\/wp\/v2\/comments?post=205"}],"version-history":[{"count":13,"href":"https:\/\/www.optronic.ch\/en\/wp-json\/wp\/v2\/pages\/205\/revisions"}],"predecessor-version":[{"id":1190,"href":"https:\/\/www.optronic.ch\/en\/wp-json\/wp\/v2\/pages\/205\/revisions\/1190"}],"up":[{"embeddable":true,"href":"https:\/\/www.optronic.ch\/en\/wp-json\/wp\/v2\/pages\/31"}],"wp:attachment":[{"href":"https:\/\/www.optronic.ch\/en\/wp-json\/wp\/v2\/media?parent=205"}],"curies":[{"name":"wp","href":"https:\/\/api.w.org\/{rel}","templated":true}]}}