{"id":207,"date":"2020-01-14T14:48:59","date_gmt":"2020-01-14T13:48:59","guid":{"rendered":"https:\/\/www.optronic.ch\/?page_id=207"},"modified":"2022-03-07T13:48:30","modified_gmt":"2022-03-07T12:48:30","slug":"oaglinux","status":"publish","type":"page","link":"https:\/\/www.optronic.ch\/en\/control_systems\/oaglinux\/","title":{"rendered":"Control Systems &#8211; OAGLinux &#8211; Industrial Real-Time Operating System"},"content":{"rendered":"<h1>OPTRONIC OAGLinux<\/h1>\n<h4><b>Linux based industrial real-time Operating System<\/b><\/h4>\n\t<a href=\"https:\/\/www.optronic.ch\/download\/doc\/control_systems\/OAGLinux_V3_Operating_Instructions.pdf\" target=\"_blank\" rel=\"noopener\">Operating Instructions OAGLinux V3<\/a><br \/>\n<a href=\"https:\/\/www.optronic.ch\/download\/doc\/control_systems\/OAGLinux_V2.2_Operating_Instructions.pdf\" target=\"_blank\" rel=\"noopener\">Operating Instructions OAGLinux V2.2<\/a>\n\t\t\t\t<img loading=\"lazy\" decoding=\"async\" src=\"https:\/\/www.optronic.ch\/wp-content\/uploads\/2022\/03\/oaglinux_logo.png\" alt=\"oaglinux_logo\" itemprop=\"image\" height=\"425\" width=\"600\" title=\"oaglinux_logo\" onerror=\"this.style.display='none'\"  \/>\n\t<p>The operating system OAGLinux was specially developed for use in industrial real-time applications. It is deployed in most of the current OPTRONIC systems. It offers hard real-time capability and supports a wide range of important functions and protocols.<\/p>\n\t<h4><strong>Special Features<\/strong><\/h4>\n<ul>\n<li>Designed for industrial hard real-time applications with high requirements, but still offers all the advantages of Linux.<\/li>\n<li>Supports a wide range of today's critical features and protocols.<\/li>\n<li>Low memory and computing power requirements. The complete operating system occupies less than 12MB of main memory and fits on a 64MB CompactFlash card.<\/li>\n<li>Short start-up time, depending on the constellation a few seconds up to half a minute.<\/li>\n<li>Simple and user-friendly configuration.<\/li>\n<li>License management system for activating application and hardware-specific system and application functions.<\/li>\n<li>Simple, secure and fast update of the application and the system via USB.<\/li>\n<li>Simple, secure and fast loading of licenses and configuration data via USB.<\/li>\n<li>TCP\/IP network support with nowadays important protocols (e.g. SMB, NFS, FTP).<\/li>\n<li>Remote maintenance access via network.<\/li>\n<li>The system can be switched-off at any time during normal operation without losing system and application data.<\/li>\n<\/ul>","protected":false},"excerpt":{"rendered":"<p>OPTRONIC OAGLinux Linux basiertes industrielles Echtzeitbetriebssystem Bedienungsanleitung OAGLinux V3 Bedienungsanleitung OAGLinux V2.2 Das Betriebssystem OAGLinux wurde speziell f\u00fcr die Verwendung in industriellen Echtzeitapplikationen entwickelt. Es kommt in den meisten aktuellen OPTRONIC Systemen zum Einsatz. Es bietet harte Echtzeitf\u00e4higkeit und unterst\u00fctz ein breites Spektrum an wichtigen Funktionen und Protokollen. Besondere Merkmale Ausgelegt f\u00fcr industrielle harte Echtzeitapplikationen&hellip;<\/p>","protected":false},"author":1,"featured_media":0,"parent":23,"menu_order":0,"comment_status":"closed","ping_status":"closed","template":"","meta":{"footnotes":""},"class_list":["post-207","page","type-page","status-publish","hentry"],"_links":{"self":[{"href":"https:\/\/www.optronic.ch\/en\/wp-json\/wp\/v2\/pages\/207","targetHints":{"allow":["GET"]}}],"collection":[{"href":"https:\/\/www.optronic.ch\/en\/wp-json\/wp\/v2\/pages"}],"about":[{"href":"https:\/\/www.optronic.ch\/en\/wp-json\/wp\/v2\/types\/page"}],"author":[{"embeddable":true,"href":"https:\/\/www.optronic.ch\/en\/wp-json\/wp\/v2\/users\/1"}],"replies":[{"embeddable":true,"href":"https:\/\/www.optronic.ch\/en\/wp-json\/wp\/v2\/comments?post=207"}],"version-history":[{"count":17,"href":"https:\/\/www.optronic.ch\/en\/wp-json\/wp\/v2\/pages\/207\/revisions"}],"predecessor-version":[{"id":1262,"href":"https:\/\/www.optronic.ch\/en\/wp-json\/wp\/v2\/pages\/207\/revisions\/1262"}],"up":[{"embeddable":true,"href":"https:\/\/www.optronic.ch\/en\/wp-json\/wp\/v2\/pages\/23"}],"wp:attachment":[{"href":"https:\/\/www.optronic.ch\/en\/wp-json\/wp\/v2\/media?parent=207"}],"curies":[{"name":"wp","href":"https:\/\/api.w.org\/{rel}","templated":true}]}}