{"id":209,"date":"2020-01-14T14:49:46","date_gmt":"2020-01-14T13:49:46","guid":{"rendered":"https:\/\/www.optronic.ch\/?page_id=209"},"modified":"2024-05-15T09:25:48","modified_gmt":"2024-05-15T08:25:48","slug":"d571","status":"publish","type":"page","link":"https:\/\/www.optronic.ch\/en\/control_systems\/d571\/","title":{"rendered":"Control Systems &#8211; Application Example CNC D571 &#8211; Flying Saw"},"content":{"rendered":"<h1>D571: CNC for Synchronous Running Cutting-To-Length Devices (Flying Saws)<\/h1>\n\t<p><a href=\"https:\/\/www.optronic.ch\/download\/doc\/control_systems\/CNC_D571C_Retrofit_Flying_Saw_D115_D141_D151_D171.pdf\" target=\"_blank\" rel=\"noopener\">CNC D571C: Retrofit of old Flying Saws D115, D141, D151 und D171<\/a><\/p>\n\t<p>The CNC D571 is based on the CompactPCI system D500, and the operating station E3000. It is used as control system for synchronous running cutting-to-length devices (Flying Saws) for example in tube welding lines.\nThe D571 controls the motion of a synchronous running cutting-to-length device (saw carriage and saw stroke) for exact partitioning of endless manufactured material, and offers functionality to automate and control additional linked processes.<\/p>\n<p>The CNC D571 is available in a configuration that can be used as replacement for older OPTRONIC control systems for synchronous running cutting (D115, D141, D151, D171).<\/p>\n\t\t\t\t<img loading=\"lazy\" decoding=\"async\" src=\"https:\/\/www.optronic.ch\/wp-content\/uploads\/2022\/02\/cnc_d571.jpg\" alt=\"cnc_d571\" itemprop=\"image\" height=\"777\" width=\"500\" title=\"cnc_d571\" onerror=\"this.style.display='none'\">\n\t<h4><strong>Functions of the CNC D571<\/strong><\/h4>\n<ul>\n<li>Closed loop position and speed control for the saw carriage to enable position and speed synchronous driving with the cut-off point.<\/li>\n<li>Closed loop position and speed control for the saw stroke with programming of the upper and lower position for the cut, by use of the geometry (saw blade diameter and material cross section) or teach-in.<\/li>\n<li>Adaptive control of the motion-sequences in order to prevent the drives from damage and to optimize the cycle time.<\/li>\n<li>Fault detection, fault tracking, and position accurate fault marking. Sorting out of faulty pieces by use of various fault criteria.<\/li>\n<li>Residual length optimization and scrap minimization.<\/li>\n<li>Digital and analog outputs used as subsidiary signals for plant control.<\/li>\n<li>Programming of the lengths and quantities to be manufactured.<\/li>\n<li>Communication with PLC over PROFIBUS DP, or by use of electrically isolated digital inputs and outputs.<\/li>\n<li>User-friendly operation, powerful visualization software.<\/li>\n<li>Testing mode with simulation of control system external components (PLC, drives, etc.) for commissioning support and problem analysis.<\/li>\n<li>Simulation of the production (virtual run of the production process) to determine cycle times, to optimize parameter settings, and to test alternative production data. The simulation can be executed while running normal production.<\/li>\n<li>TCP\/IP networking. Data exchange with Windows and Linux computers by use of the protocols FTP, SMB, and NFS.<\/li>\n<li>Optionally with data base to store process data.<\/li>\n<\/ul>\n\t\t\t\t<img loading=\"lazy\" decoding=\"async\" src=\"https:\/\/www.optronic.ch\/wp-content\/uploads\/2022\/02\/e3000_d571.jpg\" alt=\"e3000_d571\" itemprop=\"image\" height=\"500\" width=\"639\" title=\"e3000_d571\" onerror=\"this.style.display='none'\">\n\t<h4><strong>Operating Station E3000 to CNC D571<\/strong><\/h4>\n<p>The D571 is completely parameterized by use of the operating station E3000. The E3000 also serves to backup and restore machine constants and data sets. The user interface is implemented as simple as possible, so that it is easy to use by the operator. The E3000 is equipped with eight softkeys, four cursor keys, and a numeric key pad.<\/p>\n<p>OAGLinux is used as operating system.<\/p>\n\t\t\t\t<a href=\"https:\/\/www.optronic.ch\/wp-content\/uploads\/2022\/02\/d571_english_title.png\" data-fancybox=\"images\" title=\"d571_english_title\" data-caption=\"\" data-description=\"\" itemprop=\"contentUrl\">\n\t\t<img loading=\"lazy\" decoding=\"async\" src=\"https:\/\/www.optronic.ch\/wp-content\/uploads\/2022\/02\/d571_english_title.png\" alt=\"\" data-no-lazy=\"1\" itemprop=\"thumbnail\" width=\"300\" height=\"225\">\n\t\t\t<!-- Overlay Wrapper -->\n\t\t\t <!-- Overlay Wrapper Closed -->\n\t\t\t\t<\/a>\n\t\t\t\t\t\t\t<meta itemprop=\"width\" content=\"300\">\n\t\t\t<meta itemprop=\"height\" content=\"225\">\n\t\t\t\t<a href=\"https:\/\/www.optronic.ch\/wp-content\/uploads\/2022\/02\/d571_english_current.png\" data-fancybox=\"images\" title=\"d571_english_current\" data-caption=\"\" data-description=\"\" itemprop=\"contentUrl\">\n\t\t<img loading=\"lazy\" decoding=\"async\" src=\"https:\/\/www.optronic.ch\/wp-content\/uploads\/2022\/02\/d571_english_current.png\" alt=\"\" data-no-lazy=\"1\" itemprop=\"thumbnail\" width=\"300\" height=\"225\">\n\t\t\t<!-- Overlay Wrapper -->\n\t\t\t <!-- Overlay Wrapper Closed -->\n\t\t\t\t<\/a>\n\t\t\t\t\t\t\t<meta itemprop=\"width\" content=\"300\">\n\t\t\t<meta itemprop=\"height\" content=\"225\">\n\t\t\t\t<a href=\"https:\/\/www.optronic.ch\/wp-content\/uploads\/2022\/02\/d571_english_settings_profile.png\" data-fancybox=\"images\" title=\"d571_english_settings_profile\" data-caption=\"\" data-description=\"\" itemprop=\"contentUrl\">\n\t\t<img loading=\"lazy\" decoding=\"async\" src=\"https:\/\/www.optronic.ch\/wp-content\/uploads\/2022\/02\/d571_english_settings_profile.png\" alt=\"\" data-no-lazy=\"1\" itemprop=\"thumbnail\" width=\"300\" height=\"225\">\n\t\t\t<!-- Overlay Wrapper -->\n\t\t\t <!-- Overlay Wrapper Closed -->\n\t\t\t\t<\/a>\n\t\t\t\t\t\t\t<meta itemprop=\"width\" content=\"300\">\n\t\t\t<meta itemprop=\"height\" content=\"225\">\n\t\t\t\t<a href=\"https:\/\/www.optronic.ch\/wp-content\/uploads\/2022\/02\/d571_english_settings_round.png\" data-fancybox=\"images\" title=\"d571_english_settings_round\" data-caption=\"\" data-description=\"\" itemprop=\"contentUrl\">\n\t\t<img loading=\"lazy\" decoding=\"async\" src=\"https:\/\/www.optronic.ch\/wp-content\/uploads\/2022\/02\/d571_english_settings_round.png\" alt=\"\" data-no-lazy=\"1\" itemprop=\"thumbnail\" width=\"300\" height=\"225\">\n\t\t\t<!-- Overlay Wrapper -->\n\t\t\t <!-- Overlay Wrapper Closed -->\n\t\t\t\t<\/a>\n\t\t\t\t\t\t\t<meta itemprop=\"width\" content=\"300\">\n\t\t\t<meta itemprop=\"height\" content=\"225\">\n\t\t\t\t<a href=\"https:\/\/www.optronic.ch\/wp-content\/uploads\/2022\/02\/d571_english_settings_teachin.png\" data-fancybox=\"images\" title=\"d571_english_settings_teachin\" data-caption=\"\" data-description=\"\" itemprop=\"contentUrl\">\n\t\t<img loading=\"lazy\" decoding=\"async\" src=\"https:\/\/www.optronic.ch\/wp-content\/uploads\/2022\/02\/d571_english_settings_teachin.png\" alt=\"\" data-no-lazy=\"1\" itemprop=\"thumbnail\" width=\"300\" height=\"225\">\n\t\t\t<!-- Overlay Wrapper -->\n\t\t\t <!-- Overlay Wrapper Closed -->\n\t\t\t\t<\/a>\n\t\t\t\t\t\t\t<meta itemprop=\"width\" content=\"300\">\n\t\t\t<meta itemprop=\"height\" content=\"225\">\n\t\t\t\t<a href=\"https:\/\/www.optronic.ch\/wp-content\/uploads\/2022\/02\/d571_english_length_program_omtimizing.png\" data-fancybox=\"images\" title=\"d571_german_length_program_omtimizing\" data-caption=\"\" data-description=\"\" itemprop=\"contentUrl\">\n\t\t<img loading=\"lazy\" decoding=\"async\" src=\"https:\/\/www.optronic.ch\/wp-content\/uploads\/2022\/02\/d571_english_length_program_omtimizing.png\" alt=\"\" data-no-lazy=\"1\" itemprop=\"thumbnail\" width=\"300\" height=\"225\">\n\t\t\t<!-- Overlay Wrapper -->\n\t\t\t <!-- Overlay Wrapper Closed -->\n\t\t\t\t<\/a>\n\t\t\t\t\t\t\t<meta itemprop=\"width\" content=\"300\">\n\t\t\t<meta itemprop=\"height\" content=\"225\">\n\t\t\t\t<a href=\"https:\/\/www.optronic.ch\/wp-content\/uploads\/2022\/02\/d571_english_length_program_1s2e.png\" data-fancybox=\"images\" title=\"d571_english_length_program_1s2e\" data-caption=\"\" data-description=\"\" itemprop=\"contentUrl\">\n\t\t<img loading=\"lazy\" decoding=\"async\" src=\"https:\/\/www.optronic.ch\/wp-content\/uploads\/2022\/02\/d571_english_length_program_1s2e.png\" alt=\"\" data-no-lazy=\"1\" itemprop=\"thumbnail\" width=\"300\" height=\"225\">\n\t\t\t<!-- Overlay Wrapper -->\n\t\t\t <!-- Overlay Wrapper Closed -->\n\t\t\t\t<\/a>\n\t\t\t\t\t\t\t<meta itemprop=\"width\" content=\"300\">\n\t\t\t<meta itemprop=\"height\" content=\"225\">\n\t\t\t\t<a href=\"https:\/\/www.optronic.ch\/wp-content\/uploads\/2022\/02\/d571_english_actval.png\" data-fancybox=\"images\" title=\"d571_english_actval\" data-caption=\"\" data-description=\"\" itemprop=\"contentUrl\">\n\t\t<img loading=\"lazy\" decoding=\"async\" src=\"https:\/\/www.optronic.ch\/wp-content\/uploads\/2022\/02\/d571_english_actval.png\" alt=\"\" data-no-lazy=\"1\" itemprop=\"thumbnail\" width=\"300\" height=\"225\">\n\t\t\t<!-- Overlay Wrapper -->\n\t\t\t <!-- Overlay Wrapper Closed -->\n\t\t\t\t<\/a>\n\t\t\t\t\t\t\t<meta itemprop=\"width\" content=\"300\">\n\t\t\t<meta itemprop=\"height\" content=\"225\">","protected":false},"excerpt":{"rendered":"<p>D571: CNC f\u00fcr synchron mitlaufende Trenneinrichtungen (fliegende S\u00e4gen) CNC D571C: Retrofit alter fliegender S\u00e4gen D115, D141, D151 und D171 Die CNC D571 basiert auf dem CompactPCI System D500 und der Bedienstation E3000. Sie kommt als Steuerung f\u00fcr synchron mitlaufendes Trennen (fliegende S\u00e4ge) z.B. in Rohrschweissstrassen zum Einsatz. Die D571 steuert die Bewegungen einer synchron mitlaufenden&hellip;<\/p>","protected":false},"author":1,"featured_media":0,"parent":23,"menu_order":0,"comment_status":"closed","ping_status":"closed","template":"","meta":{"footnotes":""},"class_list":["post-209","page","type-page","status-publish","hentry"],"_links":{"self":[{"href":"https:\/\/www.optronic.ch\/en\/wp-json\/wp\/v2\/pages\/209","targetHints":{"allow":["GET"]}}],"collection":[{"href":"https:\/\/www.optronic.ch\/en\/wp-json\/wp\/v2\/pages"}],"about":[{"href":"https:\/\/www.optronic.ch\/en\/wp-json\/wp\/v2\/types\/page"}],"author":[{"embeddable":true,"href":"https:\/\/www.optronic.ch\/en\/wp-json\/wp\/v2\/users\/1"}],"replies":[{"embeddable":true,"href":"https:\/\/www.optronic.ch\/en\/wp-json\/wp\/v2\/comments?post=209"}],"version-history":[{"count":19,"href":"https:\/\/www.optronic.ch\/en\/wp-json\/wp\/v2\/pages\/209\/revisions"}],"predecessor-version":[{"id":1320,"href":"https:\/\/www.optronic.ch\/en\/wp-json\/wp\/v2\/pages\/209\/revisions\/1320"}],"up":[{"embeddable":true,"href":"https:\/\/www.optronic.ch\/en\/wp-json\/wp\/v2\/pages\/23"}],"wp:attachment":[{"href":"https:\/\/www.optronic.ch\/en\/wp-json\/wp\/v2\/media?parent=209"}],"curies":[{"name":"wp","href":"https:\/\/api.w.org\/{rel}","templated":true}]}}