{"id":27,"date":"2019-12-26T11:58:45","date_gmt":"2019-12-26T10:58:45","guid":{"rendered":"https:\/\/www.optronic.ch\/?page_id=27"},"modified":"2022-02-24T10:37:10","modified_gmt":"2022-02-24T09:37:10","slug":"about_us","status":"publish","type":"page","link":"https:\/\/www.optronic.ch\/en\/about_us\/","title":{"rendered":"About Us"},"content":{"rendered":"<h1>Your Satisfaction is Our Primary Goal<\/h1>\n\t<p><strong>OPTRONIC AG<\/strong> was founded 1961 as company for development, manufacturing, as well as marketing of optoelectronic devices.<\/p>\n<p>&nbsp;<\/p>\n<p>Nowadays, the service offering of OPTRONIC AG covers solutions for special requirements in the field of industrial control and sensor systems, as well as customer specific hardware and software development.<\/p>\n\t\t\t\t<img loading=\"lazy\" decoding=\"async\" src=\"https:\/\/www.optronic.ch\/wp-content\/uploads\/2022\/02\/optronic_building5.jpg\" alt=\"optronic_building5\" itemprop=\"image\" height=\"667\" width=\"1000\" title=\"optronic_building5\" onerror=\"this.style.display='none'\"  \/>\n\t<iframe loading=\"lazy\" width=\"1080\" height=\"500\" id=\"gmap_canvas\" src=\"https:\/\/maps.google.com\/maps?q=Unteregger%20Strasse%2053&#038;t=&#038;z=13&#038;ie=UTF8&#038;iwloc=&#038;output=embed\" frameborder=\"0\" scrolling=\"no\" marginheight=\"0\" marginwidth=\"0\"><\/iframe><a href=\"https:\/\/www.whatismyip-address.com\/nordvpn-coupon\/\">nordvpn deals<\/a><style>iframe{width:100%}.mapouter{position:relative;text-align:right;height:500px;width:100%;}.gmap_canvas {overflow:hidden;background:none!important;height:500px;width:100%;}<\/style>","protected":false},"excerpt":{"rendered":"<p>Ihre Zufriedenheit ist unser prim\u00e4res Ziel OPTRONIC AG wurde 1961 als Unternehmen f\u00fcr Entwicklung und Herstellung sowie Vertrieb von opto-elektronischen Ger\u00e4ten gegr\u00fcndet. &nbsp; Heute umfasst das Leistungsangebot von OPTRONIC AG L\u00f6sungen f\u00fcr besondere Anforderungen in den Bereichen industrielle Steuerungstechnik und Sensorik sowie kundenspezifische Hardware- und Software-Entwicklung. nordvpn deals<\/p>","protected":false},"author":1,"featured_media":0,"parent":0,"menu_order":0,"comment_status":"closed","ping_status":"closed","template":"","meta":{"footnotes":""},"class_list":["post-27","page","type-page","status-publish","hentry"],"_links":{"self":[{"href":"https:\/\/www.optronic.ch\/en\/wp-json\/wp\/v2\/pages\/27","targetHints":{"allow":["GET"]}}],"collection":[{"href":"https:\/\/www.optronic.ch\/en\/wp-json\/wp\/v2\/pages"}],"about":[{"href":"https:\/\/www.optronic.ch\/en\/wp-json\/wp\/v2\/types\/page"}],"author":[{"embeddable":true,"href":"https:\/\/www.optronic.ch\/en\/wp-json\/wp\/v2\/users\/1"}],"replies":[{"embeddable":true,"href":"https:\/\/www.optronic.ch\/en\/wp-json\/wp\/v2\/comments?post=27"}],"version-history":[{"count":20,"href":"https:\/\/www.optronic.ch\/en\/wp-json\/wp\/v2\/pages\/27\/revisions"}],"predecessor-version":[{"id":992,"href":"https:\/\/www.optronic.ch\/en\/wp-json\/wp\/v2\/pages\/27\/revisions\/992"}],"wp:attachment":[{"href":"https:\/\/www.optronic.ch\/en\/wp-json\/wp\/v2\/media?parent=27"}],"curies":[{"name":"wp","href":"https:\/\/api.w.org\/{rel}","templated":true}]}}