{"id":31,"date":"2019-12-26T12:00:06","date_gmt":"2019-12-26T11:00:06","guid":{"rendered":"https:\/\/www.optronic.ch\/?page_id=31"},"modified":"2022-02-28T11:45:43","modified_gmt":"2022-02-28T10:45:43","slug":"support","status":"publish","type":"page","link":"https:\/\/www.optronic.ch\/en\/support\/","title":{"rendered":"Support"},"content":{"rendered":"<h1>We Don't Abandon You:<br \/>\nSupport, Repair und Retrofit<\/h1>\n\t<p>For various products former generations compatible replacements parts are available.<\/p>\n<p>Please contact us if you have problems with or questions about our products. If you place a request, please name device name, part number and serial number.<\/p>\n\t\t\t\t<a href=\"https:\/\/www.optronic.ch\/support\/component_list\/\" target=\"_self\" itemprop=\"url\" rel=\"noopener\">\n\t\t\t\t<img loading=\"lazy\" decoding=\"async\" src=\"https:\/\/www.optronic.ch\/wp-content\/uploads\/2022\/02\/e3000.jpg\" alt=\"e3000\" itemprop=\"image\" height=\"250\" width=\"263\" title=\"e3000\" onerror=\"this.style.display='none'\"  \/>\n\t\t\t\t<\/a>\n\t\t\t\t<a href=\"https:\/\/www.optronic.ch\/support\/cnc_obsolete\/\" target=\"_self\" itemprop=\"url\" rel=\"noopener\">\n\t\t\t\t<img loading=\"lazy\" decoding=\"async\" src=\"https:\/\/www.optronic.ch\/wp-content\/uploads\/2022\/02\/e100.jpg\" alt=\"e100\" itemprop=\"image\" height=\"251\" width=\"263\" title=\"e100\" onerror=\"this.style.display='none'\"  \/>\n\t\t\t\t<\/a>\n\t\t\t\t<a href=\"https:\/\/www.optronic.ch\/support\/component_list\/\" target=\"_self\" itemprop=\"url\" rel=\"noopener\">\n\t\t\t\t<img loading=\"lazy\" decoding=\"async\" src=\"https:\/\/www.optronic.ch\/wp-content\/uploads\/2022\/02\/d107_d140.jpg\" alt=\"d107_d140\" itemprop=\"image\" height=\"251\" width=\"263\" title=\"d107_d140\" onerror=\"this.style.display='none'\"  \/>\n\t\t\t\t<\/a>\n\t\t\t\t<a href=\"https:\/\/www.optronic.ch\/support\/component_list\/\" target=\"_self\" itemprop=\"url\" rel=\"noopener\">\n\t\t\t\t<img loading=\"lazy\" decoding=\"async\" src=\"https:\/\/www.optronic.ch\/wp-content\/uploads\/2022\/02\/d111_d115_d141.jpg\" alt=\"d111_d115_d141\" itemprop=\"image\" height=\"250\" width=\"263\" title=\"d111_d115_d141\" onerror=\"this.style.display='none'\"  \/>\n\t\t\t\t<\/a>\n\t\t\t\t<a href=\"https:\/\/www.optronic.ch\/support\/component_list\/\" target=\"_self\" itemprop=\"url\" rel=\"noopener\">\n\t\t\t\t<img loading=\"lazy\" decoding=\"async\" src=\"https:\/\/www.optronic.ch\/wp-content\/uploads\/2022\/02\/gf.jpg\" alt=\"gf\" itemprop=\"image\" height=\"250\" width=\"263\" title=\"gf\" onerror=\"this.style.display='none'\"  \/>\n\t\t\t\t<\/a>\n\t\t\t\t<a href=\"https:\/\/www.optronic.ch\/support\/fsu200\/\" target=\"_self\" itemprop=\"url\" rel=\"noopener\">\n\t\t\t\t<img loading=\"lazy\" decoding=\"async\" src=\"https:\/\/www.optronic.ch\/wp-content\/uploads\/2022\/02\/FSU200_E100.jpg\" alt=\"FSU200_E100\" itemprop=\"image\" height=\"250\" width=\"263\" title=\"FSU200_E100\" onerror=\"this.style.display='none'\"  \/>\n\t\t\t\t<\/a>\n\t\t\t\t<a href=\"https:\/\/www.optronic.ch\/support\/lv_obsolete\/\" target=\"_self\" itemprop=\"url\" rel=\"noopener\">\n\t\t\t\t<img loading=\"lazy\" decoding=\"async\" src=\"https:\/\/www.optronic.ch\/wp-content\/uploads\/2022\/02\/lv100.jpg\" alt=\"lv100\" itemprop=\"image\" height=\"250\" width=\"263\" title=\"lv100\" onerror=\"this.style.display='none'\"  \/>\n\t\t\t\t<\/a>\n\t\t\t\t<a href=\"https:\/\/www.optronic.ch\/support\/og_obsolete\/\" target=\"_self\" itemprop=\"url\" rel=\"noopener\">\n\t\t\t\t<img loading=\"lazy\" decoding=\"async\" src=\"https:\/\/www.optronic.ch\/wp-content\/uploads\/2022\/02\/og_flange.jpg\" alt=\"og_flange\" itemprop=\"image\" height=\"250\" width=\"263\" title=\"og_flange\" onerror=\"this.style.display='none'\"  \/>\n\t\t\t\t<\/a>\n\t\t\t\t<a href=\"https:\/\/www.optronic.ch\/support\/omc300\/\" target=\"_self\" itemprop=\"url\" rel=\"noopener\">\n\t\t\t\t<img loading=\"lazy\" decoding=\"async\" src=\"https:\/\/www.optronic.ch\/wp-content\/uploads\/2022\/02\/d145.jpg\" alt=\"d145\" itemprop=\"image\" height=\"251\" width=\"555\" title=\"d145\" onerror=\"this.style.display='none'\"  \/>\n\t\t\t\t<\/a>\n\t\t\t\t<a href=\"https:\/\/www.optronic.ch\/support\/component_list\/\" target=\"_self\" itemprop=\"url\" rel=\"noopener\">\n\t\t\t\t<img loading=\"lazy\" decoding=\"async\" src=\"https:\/\/www.optronic.ch\/wp-content\/uploads\/2022\/02\/d376_d377.jpg\" alt=\"d376_d377\" itemprop=\"image\" height=\"250\" width=\"555\" title=\"d376_d377\" onerror=\"this.style.display='none'\"  \/>\n\t\t\t\t<\/a>","protected":false},"excerpt":{"rendered":"<p>Wir lassen Sie nicht im Stich: Support, Reparatur und Retrofit F\u00fcr diverse Produkte fr\u00fcherer Generationen sind kompatible aktuelle Ersatzprodukte verf\u00fcgbar. Kontaktieren Sie uns bei Problemen und Fragen zu unseren Produkten. Bitte nennen Sie bei Anfragen falls m\u00f6glich Ger\u00e4tebezeichnung, Artikelnummer und Seriennummer.<\/p>","protected":false},"author":1,"featured_media":0,"parent":0,"menu_order":0,"comment_status":"closed","ping_status":"closed","template":"","meta":{"footnotes":""},"class_list":["post-31","page","type-page","status-publish","hentry"],"_links":{"self":[{"href":"https:\/\/www.optronic.ch\/en\/wp-json\/wp\/v2\/pages\/31","targetHints":{"allow":["GET"]}}],"collection":[{"href":"https:\/\/www.optronic.ch\/en\/wp-json\/wp\/v2\/pages"}],"about":[{"href":"https:\/\/www.optronic.ch\/en\/wp-json\/wp\/v2\/types\/page"}],"author":[{"embeddable":true,"href":"https:\/\/www.optronic.ch\/en\/wp-json\/wp\/v2\/users\/1"}],"replies":[{"embeddable":true,"href":"https:\/\/www.optronic.ch\/en\/wp-json\/wp\/v2\/comments?post=31"}],"version-history":[{"count":22,"href":"https:\/\/www.optronic.ch\/en\/wp-json\/wp\/v2\/pages\/31\/revisions"}],"predecessor-version":[{"id":1072,"href":"https:\/\/www.optronic.ch\/en\/wp-json\/wp\/v2\/pages\/31\/revisions\/1072"}],"wp:attachment":[{"href":"https:\/\/www.optronic.ch\/en\/wp-json\/wp\/v2\/media?parent=31"}],"curies":[{"name":"wp","href":"https:\/\/api.w.org\/{rel}","templated":true}]}}