{"id":74,"date":"2019-12-30T08:10:34","date_gmt":"2019-12-30T07:10:34","guid":{"rendered":"https:\/\/www.optronic.ch\/?page_id=74"},"modified":"2025-01-16T07:24:52","modified_gmt":"2025-01-16T06:24:52","slug":"overview","status":"publish","type":"page","link":"https:\/\/www.optronic.ch\/en\/sensors\/overview\/","title":{"rendered":"Sensors &#8211; Overview"},"content":{"rendered":"<h1 class=\" translation-block\">Solutions for special sensor system problems<\/h1>\n\t\t\t\t<a href=\"https:\/\/www.optronic.ch\/sensors\/lvmc\/\" target=\"_self\" itemprop=\"url\" rel=\"noopener\">\n\t\t\t\t<img decoding=\"async\" src=\"https:\/\/www.optronic.ch\/wp-content\/uploads\/2020\/09\/lvmc.jpg\" alt=\"lvmc\" itemprop=\"image\" title=\"lvmc\" onerror=\"this.style.display='none'\">\n\t\t\t\t<\/a>\n<h4>\n\t\tLVMC\n\t<\/h4>\n\t<p>Self-learning Digital Light Screens for detecting, counting, measuring and classifying<\/p>\n\t\t\t<a href=\"https:\/\/www.optronic.ch\/sensors\/lvmc\/\" target=\"_self\" role=\"button\" rel=\"noopener\">\n\t\t\t\t\t\t\tmore\n\t\t\t<\/a>\n\t\t\t\t<a href=\"https:\/\/www.optronic.ch\/download\/doc\/sensors\/Light_Curtain_LVMC_Flyer.pdf\" target=\"_blank\" rel=\"noopener\" itemprop=\"url\">\n\t\t\t\t<img decoding=\"async\" src=\"https:\/\/www.optronic.ch\/wp-content\/uploads\/2020\/01\/download_button-100.jpg\" alt=\"download_button-100\" itemprop=\"image\" title=\"download_button-100\" onerror=\"this.style.display='none'\">\n\t\t\t\t<\/a>\n\t\t\t\t<a href=\"https:\/\/www.optronic.ch\/sensors\/lvm\/\" target=\"_self\" itemprop=\"url\" rel=\"noopener\">\n\t\t\t\t<img decoding=\"async\" src=\"https:\/\/www.optronic.ch\/wp-content\/uploads\/2020\/09\/LV..jpg\" alt=\"LV.\" itemprop=\"image\" title=\"LV.\" onerror=\"this.style.display='none'\">\n\t\t\t\t<\/a>\n<h4>\n\t\tLV&#8230;M\n\t<\/h4>\n\t<p>Light Curtains for  detecting and counting any kind of small objects<\/p>\n\t\t\t<a href=\"https:\/\/www.optronic.ch\/sensors\/lvm\/\" target=\"_self\" role=\"button\" rel=\"noopener\">\n\t\t\t\t\t\t\tmore\n\t\t\t<\/a>\n\t\t\t\t<a href=\"https:\/\/www.optronic.ch\/download\/doc\/sensors\/Light_Curtain_LV..M_Flyer.pdf\" target=\"_blank\" rel=\"noopener\" itemprop=\"url\">\n\t\t\t\t<img decoding=\"async\" src=\"https:\/\/www.optronic.ch\/wp-content\/uploads\/2020\/01\/download_button-100.jpg\" alt=\"download_button-100\" itemprop=\"image\" title=\"download_button-100\" onerror=\"this.style.display='none'\">\n\t\t\t\t<\/a>\n\t\t\t\t<a href=\"https:\/\/www.optronic.ch\/sensors\/g15_g35\/\" target=\"_self\" itemprop=\"url\" rel=\"noopener\">\n\t\t\t\t<img decoding=\"async\" src=\"https:\/\/www.optronic.ch\/wp-content\/uploads\/2020\/09\/G15-_-G35.jpg\" alt=\"G15-_-G35\" itemprop=\"image\" title=\"G15-_-G35\" onerror=\"this.style.display='none'\">\n\t\t\t\t<\/a>\n<h4>\n\t\tG15 \/ G35\n\t<\/h4>\n\t<p>Special-purpose Light Barriers for usage in length measuring systems or as light curtains<\/p>\n\t\t\t<a href=\"https:\/\/www.optronic.ch\/sensors\/g15_g35\/\" target=\"_self\" role=\"button\" rel=\"noopener\">\n\t\t\t\t\t\t\tmore\n\t\t\t<\/a>\n\t\t\t\t<a href=\"https:\/\/www.optronic.ch\/download\/doc\/sensors\/Measuring_Light_Barrier_G35.pdf\" target=\"_blank\" rel=\"noopener\" itemprop=\"url\">\n\t\t\t\t<img decoding=\"async\" src=\"https:\/\/www.optronic.ch\/wp-content\/uploads\/2020\/01\/download_button-100.jpg\" alt=\"download_button-100\" itemprop=\"image\" title=\"download_button-100\" onerror=\"this.style.display='none'\">\n\t\t\t\t<\/a>\n\t\t\t\t<a href=\"https:\/\/www.optronic.ch\/sensors\/og\/\" target=\"_self\" itemprop=\"url\" rel=\"noopener\">\n\t\t\t\t<img decoding=\"async\" src=\"https:\/\/www.optronic.ch\/wp-content\/uploads\/2020\/09\/OG20D_-OG30D_OG43D.jpg\" alt=\"OG20D_-OG30D_OG43D\" itemprop=\"image\" title=\"OG20D_-OG30D_OG43D\" onerror=\"this.style.display='none'\">\n\t\t\t\t<\/a>\n<h4>\n\t\tOG23D \/ OG28D\n\t<\/h4>\n\t<p>Rugged photoelectrical Incremental Encoders for usage under rough conditions<\/p>\n\t\t\t<a href=\"https:\/\/www.optronic.ch\/sensors\/og\/\" target=\"_self\" role=\"button\" rel=\"noopener\">\n\t\t\t\t\t\t\tmore\n\t\t\t<\/a>\n\t\t\t\t<a href=\"https:\/\/www.optronic.ch\/download\/doc\/sensors\/Incremental_Encoder_OG.pdf\" target=\"_blank\" rel=\"noopener\" itemprop=\"url\">\n\t\t\t\t<img decoding=\"async\" src=\"https:\/\/www.optronic.ch\/wp-content\/uploads\/2020\/01\/download_button-100.jpg\" alt=\"download_button-100\" itemprop=\"image\" title=\"download_button-100\" onerror=\"this.style.display='none'\">\n\t\t\t\t<\/a>\n\t\t\t\t<a href=\"https:\/\/www.optronic.ch\/sensors\/irv_irt\/\" target=\"_self\" itemprop=\"url\" rel=\"noopener\">\n\t\t\t\t<img decoding=\"async\" src=\"https:\/\/www.optronic.ch\/wp-content\/uploads\/2022\/02\/IRV20_IRT_1280x800.jpg\" alt=\"IRV20_IRT_1280x800\" itemprop=\"image\" title=\"IRV20_IRT_1280x800\" onerror=\"this.style.display='none'\">\n\t\t\t\t<\/a>\n\t\t\t\t<a href=\"https:\/\/www.optronic.ch\/download\/doc\/sensors\/Inductive_Sensing_Coil_IRT.pdf\" target=\"_blank\" rel=\"noopener\" itemprop=\"url\">\n\t\t\t\t<img decoding=\"async\" src=\"https:\/\/www.optronic.ch\/wp-content\/uploads\/2020\/01\/download_button-100.jpg\" alt=\"download_button-100\" itemprop=\"image\" title=\"download_button-100\" onerror=\"this.style.display='none'\">\n\t\t\t\t<\/a>\n<h4>\n\t\tIRV \/ IRT\n\t<\/h4>\n\t<p>Self-Adjusting Inductive Loop Sensors for contact-free detection of metallic materials<\/p>\n\t\t\t<a href=\"https:\/\/www.optronic.ch\/sensors\/irv_irt\/\" target=\"_self\" role=\"button\" rel=\"noopener\">\n\t\t\t\t\t\t\tmore\n\t\t\t<\/a>\n\t\t\t\t<a href=\"https:\/\/www.optronic.ch\/sensors\/igv\/\" target=\"_self\" itemprop=\"url\" rel=\"noopener\">\n\t\t\t\t<img decoding=\"async\" src=\"https:\/\/www.optronic.ch\/wp-content\/uploads\/2020\/09\/igv.jpg\" alt=\"igv\" itemprop=\"image\" title=\"igv\" onerror=\"this.style.display='none'\">\n\t\t\t\t<\/a>\n<h4>\n\t\tIGV\n\t<\/h4>\n\t<p>Incremental Encoder Expanders to connect one encoder electrically isolated to up to three targets (CNC, PLC, measurement equipment, etc.)<\/p>\n\t\t\t<a href=\"https:\/\/www.optronic.ch\/sensors\/igv\/\" target=\"_self\" role=\"button\" rel=\"noopener\">\n\t\t\t\t\t\t\tmore\n\t\t\t<\/a>\n\t\t\t\t<a href=\"https:\/\/www.optronic.ch\/download\/doc\/sensors\/Incremental_Encoder_Expander_IGV-134.pdf\" target=\"_blank\" rel=\"noopener\" itemprop=\"url\">\n\t\t\t\t<img decoding=\"async\" src=\"https:\/\/www.optronic.ch\/wp-content\/uploads\/2020\/01\/download_button-100.jpg\" alt=\"download_button-100\" itemprop=\"image\" title=\"download_button-100\" onerror=\"this.style.display='none'\">\n\t\t\t\t<\/a>","protected":false},"excerpt":{"rendered":"<p>L\u00f6sungen f\u00fcr spezielle Sensorikprobleme LVMC Selbstlernende digitale Lichtvorh\u00e4nge zum Erfassen, Z\u00e4hlen, Messen und Klassifizieren mehr LV&#8230;M Lichtvorh\u00e4nge zum Erfassen und Z\u00e4hlen von Kleinteilen jeglicher Art mehr G15 \/ G35 Spezial-Lichtschranken zum Einsatz in L\u00e4ngenmess-Systemen oder als Lichtvorh\u00e4nge mehr OG23D \/ OG28D Robuste fotoelektrische Inkrementalgeber f\u00fcr den Einsatz unter erschwerten Bedingungen mehr IRV \/ IRT Selbstjustierende&hellip;<\/p>","protected":false},"author":1,"featured_media":0,"parent":21,"menu_order":0,"comment_status":"closed","ping_status":"closed","template":"","meta":{"footnotes":""},"class_list":["post-74","page","type-page","status-publish","hentry"],"_links":{"self":[{"href":"https:\/\/www.optronic.ch\/en\/wp-json\/wp\/v2\/pages\/74","targetHints":{"allow":["GET"]}}],"collection":[{"href":"https:\/\/www.optronic.ch\/en\/wp-json\/wp\/v2\/pages"}],"about":[{"href":"https:\/\/www.optronic.ch\/en\/wp-json\/wp\/v2\/types\/page"}],"author":[{"embeddable":true,"href":"https:\/\/www.optronic.ch\/en\/wp-json\/wp\/v2\/users\/1"}],"replies":[{"embeddable":true,"href":"https:\/\/www.optronic.ch\/en\/wp-json\/wp\/v2\/comments?post=74"}],"version-history":[{"count":48,"href":"https:\/\/www.optronic.ch\/en\/wp-json\/wp\/v2\/pages\/74\/revisions"}],"predecessor-version":[{"id":1334,"href":"https:\/\/www.optronic.ch\/en\/wp-json\/wp\/v2\/pages\/74\/revisions\/1334"}],"up":[{"embeddable":true,"href":"https:\/\/www.optronic.ch\/en\/wp-json\/wp\/v2\/pages\/21"}],"wp:attachment":[{"href":"https:\/\/www.optronic.ch\/en\/wp-json\/wp\/v2\/media?parent=74"}],"curies":[{"name":"wp","href":"https:\/\/api.w.org\/{rel}","templated":true}]}}